{"id":342,"date":"2021-02-01T21:05:20","date_gmt":"2021-02-01T21:05:20","guid":{"rendered":"https:\/\/aldomki.com\/?page_id=342"},"modified":"2021-03-08T17:21:10","modified_gmt":"2021-03-08T17:21:10","slug":"domek-3","status":"publish","type":"page","link":"https:\/\/aldomki.com\/?page_id=342","title":{"rendered":"Domek 3"},"content":{"rendered":"\t\t<div data-elementor-type=\"wp-page\" data-elementor-id=\"342\" class=\"elementor elementor-342\" data-elementor-settings=\"[]\">\n\t\t\t\t\t\t<div class=\"elementor-inner\">\n\t\t\t\t\t\t\t<div class=\"elementor-section-wrap\">\n\t\t\t\t\t\t\t<section class=\"elementor-section elementor-top-section elementor-element elementor-element-513a9ab elementor-section-boxed elementor-section-height-default elementor-section-height-default\" data-id=\"513a9ab\" data-element_type=\"section\">\n\t\t\t\t\t\t<div class=\"elementor-container elementor-column-gap-default\">\n\t\t\t\t\t\t\t<div class=\"elementor-row\">\n\t\t\t\t\t<div class=\"elementor-column elementor-col-100 elementor-top-column elementor-element elementor-element-bef96eb\" data-id=\"bef96eb\" data-element_type=\"column\">\n\t\t\t<div class=\"elementor-column-wrap elementor-element-populated\">\n\t\t\t\t\t\t\t<div class=\"elementor-widget-wrap\">\n\t\t\t\t\t\t<div class=\"elementor-element elementor-element-c56a388 elementor-widget elementor-widget-image\" data-id=\"c56a388\" data-element_type=\"widget\" data-widget_type=\"image.default\">\n\t\t\t\t<div class=\"elementor-widget-container\">\n\t\t\t\t\t<div class=\"elementor-image\">\n\t\t\t\t\t\t\t\t\t\t<img width=\"1920\" height=\"895\" src=\"https:\/\/aldomki.com\/wp-content\/uploads\/2021\/03\/aldomki-plan.png\" class=\"attachment-full size-full\" alt=\"\" loading=\"lazy\" srcset=\"https:\/\/aldomki.com\/wp-content\/uploads\/2021\/03\/aldomki-plan.png 1920w, https:\/\/aldomki.com\/wp-content\/uploads\/2021\/03\/aldomki-plan-300x140.png 300w, https:\/\/aldomki.com\/wp-content\/uploads\/2021\/03\/aldomki-plan-1024x477.png 1024w, https:\/\/aldomki.com\/wp-content\/uploads\/2021\/03\/aldomki-plan-768x358.png 768w, https:\/\/aldomki.com\/wp-content\/uploads\/2021\/03\/aldomki-plan-1536x716.png 1536w\" sizes=\"(max-width: 1920px) 100vw, 1920px\" \/>\t\t\t\t\t\t\t\t\t\t\t<\/div>\n\t\t\t\t<\/div>\n\t\t\t\t<\/div>\n\t\t\t\t<div class=\"elementor-element elementor-element-1443490 elementor-widget elementor-widget-spacer\" data-id=\"1443490\" data-element_type=\"widget\" data-widget_type=\"spacer.default\">\n\t\t\t\t<div class=\"elementor-widget-container\">\n\t\t\t\t\t<div class=\"elementor-spacer\">\n\t\t\t<div class=\"elementor-spacer-inner\"><\/div>\n\t\t<\/div>\n\t\t\t\t<\/div>\n\t\t\t\t<\/div>\n\t\t\t\t<section class=\"elementor-section elementor-inner-section elementor-element elementor-element-0ff6afc elementor-section-boxed elementor-section-height-default elementor-section-height-default\" data-id=\"0ff6afc\" data-element_type=\"section\">\n\t\t\t\t\t\t<div class=\"elementor-container elementor-column-gap-default\">\n\t\t\t\t\t\t\t<div class=\"elementor-row\">\n\t\t\t\t\t<div class=\"elementor-column elementor-col-50 elementor-inner-column elementor-element elementor-element-0ccdc97\" data-id=\"0ccdc97\" data-element_type=\"column\">\n\t\t\t<div class=\"elementor-column-wrap elementor-element-populated\">\n\t\t\t\t\t\t\t<div class=\"elementor-widget-wrap\">\n\t\t\t\t\t\t<div class=\"elementor-element elementor-element-9d18648 elementor-widget elementor-widget-spacer\" data-id=\"9d18648\" data-element_type=\"widget\" data-widget_type=\"spacer.default\">\n\t\t\t\t<div class=\"elementor-widget-container\">\n\t\t\t\t\t<div class=\"elementor-spacer\">\n\t\t\t<div class=\"elementor-spacer-inner\"><\/div>\n\t\t<\/div>\n\t\t\t\t<\/div>\n\t\t\t\t<\/div>\n\t\t\t\t<div class=\"elementor-element elementor-element-a7a8ff3 elementor-widget elementor-widget-heading\" data-id=\"a7a8ff3\" data-element_type=\"widget\" data-widget_type=\"heading.default\">\n\t\t\t\t<div class=\"elementor-widget-container\">\n\t\t\t<h1 class=\"elementor-heading-title elementor-size-xxl\">Domek 3<\/h1>\t\t<\/div>\n\t\t\t\t<\/div>\n\t\t\t\t<div class=\"elementor-element elementor-element-e0d0a7b elementor-widget elementor-widget-text-editor\" data-id=\"e0d0a7b\" data-element_type=\"widget\" data-widget_type=\"text-editor.default\">\n\t\t\t\t<div class=\"elementor-widget-container\">\n\t\t\t\t\t<div class=\"elementor-text-editor elementor-clearfix\"><p>Domek posiada pok\u00f3j dzienny (TV naziemna ) wraz z w pe\u0142ni wyposa\u017conym aneksem kuchennym, oraz \u0142\u00f3\u017ckiem dwuosobowym rozk\u0142adanym.<br \/>Dwie sypialnie : Obie z \u0142\u00f3\u017ckami dwuosobowymi, oraz \u0142azienk\u0119 z prysznicem. <br \/>Wielko\u015b\u0107 domku to 50m2 plus pomieszczenie gospodarcze na grill, le\u017caki, rowery itp.<br \/>Domek posiada du\u017cy (ponad 20m2), zadaszony taras, wyposa\u017cony w meble ogrodowe oraz grill. Przy domku znajduje si\u0119 piaskownica oraz hu\u015btawka ogrodowa.<\/p><\/div>\n\t\t\t\t<\/div>\n\t\t\t\t<\/div>\n\t\t\t\t\t\t<\/div>\n\t\t\t\t\t<\/div>\n\t\t<\/div>\n\t\t\t\t<div class=\"elementor-column elementor-col-50 elementor-inner-column elementor-element elementor-element-ed7babd\" data-id=\"ed7babd\" data-element_type=\"column\">\n\t\t\t<div class=\"elementor-column-wrap elementor-element-populated\">\n\t\t\t\t\t\t\t<div class=\"elementor-widget-wrap\">\n\t\t\t\t\t\t<div class=\"elementor-element elementor-element-a8dbaa9 elementor-widget elementor-widget-image\" data-id=\"a8dbaa9\" data-element_type=\"widget\" data-widget_type=\"image.default\">\n\t\t\t\t<div class=\"elementor-widget-container\">\n\t\t\t\t\t<div class=\"elementor-image\">\n\t\t\t\t\t\t\t\t\t\t<img width=\"828\" height=\"1024\" src=\"https:\/\/aldomki.com\/wp-content\/uploads\/2021\/02\/rozklad-828x1024.png\" class=\"attachment-large size-large\" alt=\"\" loading=\"lazy\" srcset=\"https:\/\/aldomki.com\/wp-content\/uploads\/2021\/02\/rozklad-828x1024.png 828w, https:\/\/aldomki.com\/wp-content\/uploads\/2021\/02\/rozklad-243x300.png 243w, https:\/\/aldomki.com\/wp-content\/uploads\/2021\/02\/rozklad-768x950.png 768w, https:\/\/aldomki.com\/wp-content\/uploads\/2021\/02\/rozklad.png 1200w\" sizes=\"(max-width: 828px) 100vw, 828px\" \/>\t\t\t\t\t\t\t\t\t\t\t<\/div>\n\t\t\t\t<\/div>\n\t\t\t\t<\/div>\n\t\t\t\t\t\t<\/div>\n\t\t\t\t\t<\/div>\n\t\t<\/div>\n\t\t\t\t\t\t\t\t<\/div>\n\t\t\t\t\t<\/div>\n\t\t<\/section>\n\t\t\t\t\t\t<\/div>\n\t\t\t\t\t<\/div>\n\t\t<\/div>\n\t\t\t\t\t\t\t\t<\/div>\n\t\t\t\t\t<\/div>\n\t\t<\/section>\n\t\t\t\t<section class=\"elementor-section elementor-top-section elementor-element elementor-element-5109430 elementor-section-boxed elementor-section-height-default elementor-section-height-default\" data-id=\"5109430\" data-element_type=\"section\">\n\t\t\t\t\t\t<div class=\"elementor-container elementor-column-gap-default\">\n\t\t\t\t\t\t\t<div class=\"elementor-row\">\n\t\t\t\t\t<div class=\"elementor-column elementor-col-100 elementor-top-column elementor-element elementor-element-01c40a4\" data-id=\"01c40a4\" data-element_type=\"column\">\n\t\t\t<div class=\"elementor-column-wrap elementor-element-populated\">\n\t\t\t\t\t\t\t<div class=\"elementor-widget-wrap\">\n\t\t\t\t\t\t<div class=\"elementor-element elementor-element-ea8da97 elementor-widget elementor-widget-spacer\" data-id=\"ea8da97\" data-element_type=\"widget\" data-widget_type=\"spacer.default\">\n\t\t\t\t<div class=\"elementor-widget-container\">\n\t\t\t\t\t<div class=\"elementor-spacer\">\n\t\t\t<div class=\"elementor-spacer-inner\"><\/div>\n\t\t<\/div>\n\t\t\t\t<\/div>\n\t\t\t\t<\/div>\n\t\t\t\t\t\t<\/div>\n\t\t\t\t\t<\/div>\n\t\t<\/div>\n\t\t\t\t\t\t\t\t<\/div>\n\t\t\t\t\t<\/div>\n\t\t<\/section>\n\t\t\t\t<section class=\"elementor-section elementor-top-section elementor-element elementor-element-5b4ff16 elementor-section-full_width elementor-section-height-default elementor-section-height-default\" data-id=\"5b4ff16\" data-element_type=\"section\">\n\t\t\t\t\t\t<div class=\"elementor-container elementor-column-gap-default\">\n\t\t\t\t\t\t\t<div class=\"elementor-row\">\n\t\t\t\t\t<div class=\"elementor-column elementor-col-100 elementor-top-column elementor-element elementor-element-760fa98\" data-id=\"760fa98\" data-element_type=\"column\">\n\t\t\t<div class=\"elementor-column-wrap elementor-element-populated\">\n\t\t\t\t\t\t\t<div class=\"elementor-widget-wrap\">\n\t\t\t\t\t\t<div class=\"elementor-element elementor-element-889ca14 gallery-spacing-custom elementor-widget__width-inherit elementor-widget elementor-widget-image-gallery\" data-id=\"889ca14\" data-element_type=\"widget\" data-widget_type=\"image-gallery.default\">\n\t\t\t\t<div class=\"elementor-widget-container\">\n\t\t\t\t\t<div class=\"elementor-image-gallery\">\n\t\t\t<div id='gallery-1' class='gallery galleryid-342 gallery-columns-2 gallery-size-large'><figure class='gallery-item'>\n\t\t\t<div class='gallery-icon landscape'>\n\t\t\t\t<a data-elementor-open-lightbox=\"yes\" data-elementor-lightbox-slideshow=\"889ca14\" data-elementor-lightbox-title=\"OLYMPUS DIGITAL CAMERA\" href='https:\/\/aldomki.com\/wp-content\/uploads\/2021\/02\/P1010212-scaled.jpeg'><img width=\"1024\" height=\"768\" src=\"https:\/\/aldomki.com\/wp-content\/uploads\/2021\/02\/P1010212-1024x768.jpeg\" class=\"attachment-large size-large\" alt=\"\" loading=\"lazy\" aria-describedby=\"gallery-1-749\" srcset=\"https:\/\/aldomki.com\/wp-content\/uploads\/2021\/02\/P1010212-1024x768.jpeg 1024w, https:\/\/aldomki.com\/wp-content\/uploads\/2021\/02\/P1010212-300x225.jpeg 300w, https:\/\/aldomki.com\/wp-content\/uploads\/2021\/02\/P1010212-768x576.jpeg 768w, https:\/\/aldomki.com\/wp-content\/uploads\/2021\/02\/P1010212-1536x1152.jpeg 1536w, https:\/\/aldomki.com\/wp-content\/uploads\/2021\/02\/P1010212-2048x1536.jpeg 2048w\" sizes=\"(max-width: 1024px) 100vw, 1024px\" \/><\/a>\n\t\t\t<\/div>\n\t\t\t\t<figcaption class='wp-caption-text gallery-caption' id='gallery-1-749'>\n\t\t\t\tOLYMPUS DIGITAL CAMERA\n\t\t\t\t<\/figcaption><\/figure><figure class='gallery-item'>\n\t\t\t<div class='gallery-icon landscape'>\n\t\t\t\t<a data-elementor-open-lightbox=\"yes\" data-elementor-lightbox-slideshow=\"889ca14\" data-elementor-lightbox-title=\"OLYMPUS DIGITAL CAMERA\" href='https:\/\/aldomki.com\/wp-content\/uploads\/2021\/02\/P1010169.jpeg'><img width=\"1024\" height=\"826\" src=\"https:\/\/aldomki.com\/wp-content\/uploads\/2021\/02\/P1010169-1024x826.jpeg\" class=\"attachment-large size-large\" alt=\"\" loading=\"lazy\" aria-describedby=\"gallery-1-747\" srcset=\"https:\/\/aldomki.com\/wp-content\/uploads\/2021\/02\/P1010169-1024x826.jpeg 1024w, https:\/\/aldomki.com\/wp-content\/uploads\/2021\/02\/P1010169-300x242.jpeg 300w, https:\/\/aldomki.com\/wp-content\/uploads\/2021\/02\/P1010169-768x619.jpeg 768w, https:\/\/aldomki.com\/wp-content\/uploads\/2021\/02\/P1010169-1536x1238.jpeg 1536w, https:\/\/aldomki.com\/wp-content\/uploads\/2021\/02\/P1010169-2048x1651.jpeg 2048w\" sizes=\"(max-width: 1024px) 100vw, 1024px\" \/><\/a>\n\t\t\t<\/div>\n\t\t\t\t<figcaption class='wp-caption-text gallery-caption' id='gallery-1-747'>\n\t\t\t\tOLYMPUS DIGITAL CAMERA\n\t\t\t\t<\/figcaption><\/figure><figure class='gallery-item'>\n\t\t\t<div class='gallery-icon landscape'>\n\t\t\t\t<a data-elementor-open-lightbox=\"yes\" data-elementor-lightbox-slideshow=\"889ca14\" data-elementor-lightbox-title=\"OLYMPUS DIGITAL CAMERA\" href='https:\/\/aldomki.com\/wp-content\/uploads\/2021\/02\/P1010224-scaled.jpeg'><img width=\"1024\" height=\"768\" src=\"https:\/\/aldomki.com\/wp-content\/uploads\/2021\/02\/P1010224-1024x768.jpeg\" class=\"attachment-large size-large\" alt=\"\" loading=\"lazy\" aria-describedby=\"gallery-1-751\" srcset=\"https:\/\/aldomki.com\/wp-content\/uploads\/2021\/02\/P1010224-1024x768.jpeg 1024w, https:\/\/aldomki.com\/wp-content\/uploads\/2021\/02\/P1010224-300x225.jpeg 300w, https:\/\/aldomki.com\/wp-content\/uploads\/2021\/02\/P1010224-768x576.jpeg 768w, https:\/\/aldomki.com\/wp-content\/uploads\/2021\/02\/P1010224-1536x1152.jpeg 1536w, https:\/\/aldomki.com\/wp-content\/uploads\/2021\/02\/P1010224-2048x1536.jpeg 2048w\" sizes=\"(max-width: 1024px) 100vw, 1024px\" \/><\/a>\n\t\t\t<\/div>\n\t\t\t\t<figcaption class='wp-caption-text gallery-caption' id='gallery-1-751'>\n\t\t\t\tOLYMPUS DIGITAL CAMERA\n\t\t\t\t<\/figcaption><\/figure><figure class='gallery-item'>\n\t\t\t<div class='gallery-icon landscape'>\n\t\t\t\t<a data-elementor-open-lightbox=\"yes\" data-elementor-lightbox-slideshow=\"889ca14\" data-elementor-lightbox-title=\"OLYMPUS DIGITAL CAMERA\" href='https:\/\/aldomki.com\/wp-content\/uploads\/2021\/02\/P1010225-scaled.jpeg'><img width=\"1024\" height=\"785\" src=\"https:\/\/aldomki.com\/wp-content\/uploads\/2021\/02\/P1010225-1024x785.jpeg\" class=\"attachment-large size-large\" alt=\"\" loading=\"lazy\" aria-describedby=\"gallery-1-752\" srcset=\"https:\/\/aldomki.com\/wp-content\/uploads\/2021\/02\/P1010225-1024x785.jpeg 1024w, https:\/\/aldomki.com\/wp-content\/uploads\/2021\/02\/P1010225-300x230.jpeg 300w, https:\/\/aldomki.com\/wp-content\/uploads\/2021\/02\/P1010225-768x589.jpeg 768w, https:\/\/aldomki.com\/wp-content\/uploads\/2021\/02\/P1010225-1536x1177.jpeg 1536w, https:\/\/aldomki.com\/wp-content\/uploads\/2021\/02\/P1010225-2048x1570.jpeg 2048w\" sizes=\"(max-width: 1024px) 100vw, 1024px\" \/><\/a>\n\t\t\t<\/div>\n\t\t\t\t<figcaption class='wp-caption-text gallery-caption' id='gallery-1-752'>\n\t\t\t\tOLYMPUS DIGITAL CAMERA\n\t\t\t\t<\/figcaption><\/figure><figure class='gallery-item'>\n\t\t\t<div class='gallery-icon landscape'>\n\t\t\t\t<a data-elementor-open-lightbox=\"yes\" data-elementor-lightbox-slideshow=\"889ca14\" data-elementor-lightbox-title=\"OLYMPUS DIGITAL CAMERA\" href='https:\/\/aldomki.com\/wp-content\/uploads\/2021\/02\/P1010135-scaled.jpeg'><img width=\"1024\" height=\"767\" src=\"https:\/\/aldomki.com\/wp-content\/uploads\/2021\/02\/P1010135-1024x767.jpeg\" class=\"attachment-large size-large\" alt=\"\" loading=\"lazy\" aria-describedby=\"gallery-1-745\" srcset=\"https:\/\/aldomki.com\/wp-content\/uploads\/2021\/02\/P1010135-1024x767.jpeg 1024w, https:\/\/aldomki.com\/wp-content\/uploads\/2021\/02\/P1010135-300x225.jpeg 300w, https:\/\/aldomki.com\/wp-content\/uploads\/2021\/02\/P1010135-768x575.jpeg 768w, https:\/\/aldomki.com\/wp-content\/uploads\/2021\/02\/P1010135-1536x1151.jpeg 1536w, https:\/\/aldomki.com\/wp-content\/uploads\/2021\/02\/P1010135-2048x1535.jpeg 2048w\" sizes=\"(max-width: 1024px) 100vw, 1024px\" \/><\/a>\n\t\t\t<\/div>\n\t\t\t\t<figcaption class='wp-caption-text gallery-caption' id='gallery-1-745'>\n\t\t\t\tOLYMPUS DIGITAL CAMERA\n\t\t\t\t<\/figcaption><\/figure><figure class='gallery-item'>\n\t\t\t<div class='gallery-icon landscape'>\n\t\t\t\t<a data-elementor-open-lightbox=\"yes\" data-elementor-lightbox-slideshow=\"889ca14\" data-elementor-lightbox-title=\"OLYMPUS DIGITAL CAMERA\" href='https:\/\/aldomki.com\/wp-content\/uploads\/2021\/02\/P1010146.jpeg'><img width=\"1024\" height=\"768\" src=\"https:\/\/aldomki.com\/wp-content\/uploads\/2021\/02\/P1010146-1024x768.jpeg\" class=\"attachment-large size-large\" alt=\"\" loading=\"lazy\" aria-describedby=\"gallery-1-746\" srcset=\"https:\/\/aldomki.com\/wp-content\/uploads\/2021\/02\/P1010146-1024x768.jpeg 1024w, https:\/\/aldomki.com\/wp-content\/uploads\/2021\/02\/P1010146-300x225.jpeg 300w, https:\/\/aldomki.com\/wp-content\/uploads\/2021\/02\/P1010146-768x576.jpeg 768w, https:\/\/aldomki.com\/wp-content\/uploads\/2021\/02\/P1010146-1536x1152.jpeg 1536w, https:\/\/aldomki.com\/wp-content\/uploads\/2021\/02\/P1010146-2048x1535.jpeg 2048w\" sizes=\"(max-width: 1024px) 100vw, 1024px\" \/><\/a>\n\t\t\t<\/div>\n\t\t\t\t<figcaption class='wp-caption-text gallery-caption' id='gallery-1-746'>\n\t\t\t\tOLYMPUS DIGITAL CAMERA\n\t\t\t\t<\/figcaption><\/figure><figure class='gallery-item'>\n\t\t\t<div class='gallery-icon landscape'>\n\t\t\t\t<a data-elementor-open-lightbox=\"yes\" data-elementor-lightbox-slideshow=\"889ca14\" data-elementor-lightbox-title=\"OLYMPUS DIGITAL CAMERA\" href='https:\/\/aldomki.com\/wp-content\/uploads\/2021\/02\/P1010228-scaled.jpeg'><img width=\"1024\" height=\"768\" src=\"https:\/\/aldomki.com\/wp-content\/uploads\/2021\/02\/P1010228-1024x768.jpeg\" class=\"attachment-large size-large\" alt=\"\" loading=\"lazy\" aria-describedby=\"gallery-1-753\" srcset=\"https:\/\/aldomki.com\/wp-content\/uploads\/2021\/02\/P1010228-1024x768.jpeg 1024w, https:\/\/aldomki.com\/wp-content\/uploads\/2021\/02\/P1010228-300x225.jpeg 300w, https:\/\/aldomki.com\/wp-content\/uploads\/2021\/02\/P1010228-768x576.jpeg 768w, https:\/\/aldomki.com\/wp-content\/uploads\/2021\/02\/P1010228-1536x1152.jpeg 1536w, https:\/\/aldomki.com\/wp-content\/uploads\/2021\/02\/P1010228-2048x1536.jpeg 2048w\" sizes=\"(max-width: 1024px) 100vw, 1024px\" \/><\/a>\n\t\t\t<\/div>\n\t\t\t\t<figcaption class='wp-caption-text gallery-caption' id='gallery-1-753'>\n\t\t\t\tOLYMPUS DIGITAL CAMERA\n\t\t\t\t<\/figcaption><\/figure><figure class='gallery-item'>\n\t\t\t<div class='gallery-icon landscape'>\n\t\t\t\t<a data-elementor-open-lightbox=\"yes\" data-elementor-lightbox-slideshow=\"889ca14\" data-elementor-lightbox-title=\"OLYMPUS DIGITAL CAMERA\" href='https:\/\/aldomki.com\/wp-content\/uploads\/2021\/02\/P1012559-scaled.jpeg'><img width=\"1024\" height=\"768\" src=\"https:\/\/aldomki.com\/wp-content\/uploads\/2021\/02\/P1012559-1024x768.jpeg\" class=\"attachment-large size-large\" alt=\"\" loading=\"lazy\" aria-describedby=\"gallery-1-754\" srcset=\"https:\/\/aldomki.com\/wp-content\/uploads\/2021\/02\/P1012559-1024x768.jpeg 1024w, https:\/\/aldomki.com\/wp-content\/uploads\/2021\/02\/P1012559-300x225.jpeg 300w, https:\/\/aldomki.com\/wp-content\/uploads\/2021\/02\/P1012559-768x576.jpeg 768w, https:\/\/aldomki.com\/wp-content\/uploads\/2021\/02\/P1012559-1536x1152.jpeg 1536w, https:\/\/aldomki.com\/wp-content\/uploads\/2021\/02\/P1012559-2048x1536.jpeg 2048w\" sizes=\"(max-width: 1024px) 100vw, 1024px\" \/><\/a>\n\t\t\t<\/div>\n\t\t\t\t<figcaption class='wp-caption-text gallery-caption' id='gallery-1-754'>\n\t\t\t\tOLYMPUS DIGITAL CAMERA\n\t\t\t\t<\/figcaption><\/figure><figure class='gallery-item'>\n\t\t\t<div class='gallery-icon landscape'>\n\t\t\t\t<a data-elementor-open-lightbox=\"yes\" data-elementor-lightbox-slideshow=\"889ca14\" data-elementor-lightbox-title=\"OLYMPUS DIGITAL CAMERA\" href='https:\/\/aldomki.com\/wp-content\/uploads\/2021\/02\/P1012560-scaled.jpeg'><img width=\"1024\" height=\"776\" src=\"https:\/\/aldomki.com\/wp-content\/uploads\/2021\/02\/P1012560-1024x776.jpeg\" class=\"attachment-large size-large\" alt=\"\" loading=\"lazy\" aria-describedby=\"gallery-1-755\" srcset=\"https:\/\/aldomki.com\/wp-content\/uploads\/2021\/02\/P1012560-1024x776.jpeg 1024w, https:\/\/aldomki.com\/wp-content\/uploads\/2021\/02\/P1012560-300x227.jpeg 300w, https:\/\/aldomki.com\/wp-content\/uploads\/2021\/02\/P1012560-768x582.jpeg 768w, https:\/\/aldomki.com\/wp-content\/uploads\/2021\/02\/P1012560-1536x1164.jpeg 1536w, https:\/\/aldomki.com\/wp-content\/uploads\/2021\/02\/P1012560-2048x1552.jpeg 2048w\" sizes=\"(max-width: 1024px) 100vw, 1024px\" \/><\/a>\n\t\t\t<\/div>\n\t\t\t\t<figcaption class='wp-caption-text gallery-caption' id='gallery-1-755'>\n\t\t\t\tOLYMPUS DIGITAL CAMERA\n\t\t\t\t<\/figcaption><\/figure><figure class='gallery-item'>\n\t\t\t<div class='gallery-icon landscape'>\n\t\t\t\t<a data-elementor-open-lightbox=\"yes\" data-elementor-lightbox-slideshow=\"889ca14\" data-elementor-lightbox-title=\"OLYMPUS DIGITAL CAMERA\" href='https:\/\/aldomki.com\/wp-content\/uploads\/2021\/02\/P1012563-scaled.jpeg'><img width=\"1024\" height=\"768\" src=\"https:\/\/aldomki.com\/wp-content\/uploads\/2021\/02\/P1012563-1024x768.jpeg\" class=\"attachment-large size-large\" alt=\"\" loading=\"lazy\" aria-describedby=\"gallery-1-757\" srcset=\"https:\/\/aldomki.com\/wp-content\/uploads\/2021\/02\/P1012563-1024x768.jpeg 1024w, https:\/\/aldomki.com\/wp-content\/uploads\/2021\/02\/P1012563-300x225.jpeg 300w, https:\/\/aldomki.com\/wp-content\/uploads\/2021\/02\/P1012563-768x576.jpeg 768w, https:\/\/aldomki.com\/wp-content\/uploads\/2021\/02\/P1012563-1536x1152.jpeg 1536w, https:\/\/aldomki.com\/wp-content\/uploads\/2021\/02\/P1012563-2048x1536.jpeg 2048w\" sizes=\"(max-width: 1024px) 100vw, 1024px\" \/><\/a>\n\t\t\t<\/div>\n\t\t\t\t<figcaption class='wp-caption-text gallery-caption' id='gallery-1-757'>\n\t\t\t\tOLYMPUS DIGITAL CAMERA\n\t\t\t\t<\/figcaption><\/figure>\n\t\t<\/div>\n\t\t<\/div>\n\t\t\t\t<\/div>\n\t\t\t\t<\/div>\n\t\t\t\t\t\t<\/div>\n\t\t\t\t\t<\/div>\n\t\t<\/div>\n\t\t\t\t\t\t\t\t<\/div>\n\t\t\t\t\t<\/div>\n\t\t<\/section>\n\t\t\t\t\t\t<\/div>\n\t\t\t\t\t\t<\/div>\n\t\t\t\t\t<\/div>\n\t\t","protected":false},"excerpt":{"rendered":"<p>Domek 3 Domek posiada pok\u00f3j dzienny (TV naziemna ) wraz z w pe\u0142ni wyposa\u017conym aneksem kuchennym, oraz \u0142\u00f3\u017ckiem dwuosobowym rozk\u0142adanym.Dwie sypialnie : Obie z \u0142\u00f3\u017ckami dwuosobowymi, oraz \u0142azienk\u0119 z prysznicem. Wielko\u015b\u0107 domku to 50m2 plus pomieszczenie gospodarcze na grill, le\u017caki, rowery itp.Domek posiada du\u017cy (ponad 20m2), zadaszony taras, wyposa\u017cony w meble ogrodowe oraz grill. Przy &hellip;<\/p>\n<p class=\"read-more\"> <a class=\"\" href=\"https:\/\/aldomki.com\/?page_id=342\"> <span class=\"screen-reader-text\">Domek 3<\/span> Read More &raquo;<\/a><\/p>\n","protected":false},"author":1,"featured_media":0,"parent":0,"menu_order":0,"comment_status":"closed","ping_status":"closed","template":"","meta":[],"_links":{"self":[{"href":"https:\/\/aldomki.com\/index.php?rest_route=\/wp\/v2\/pages\/342"}],"collection":[{"href":"https:\/\/aldomki.com\/index.php?rest_route=\/wp\/v2\/pages"}],"about":[{"href":"https:\/\/aldomki.com\/index.php?rest_route=\/wp\/v2\/types\/page"}],"author":[{"embeddable":true,"href":"https:\/\/aldomki.com\/index.php?rest_route=\/wp\/v2\/users\/1"}],"replies":[{"embeddable":true,"href":"https:\/\/aldomki.com\/index.php?rest_route=%2Fwp%2Fv2%2Fcomments&post=342"}],"version-history":[{"count":31,"href":"https:\/\/aldomki.com\/index.php?rest_route=\/wp\/v2\/pages\/342\/revisions"}],"predecessor-version":[{"id":1013,"href":"https:\/\/aldomki.com\/index.php?rest_route=\/wp\/v2\/pages\/342\/revisions\/1013"}],"wp:attachment":[{"href":"https:\/\/aldomki.com\/index.php?rest_route=%2Fwp%2Fv2%2Fmedia&parent=342"}],"curies":[{"name":"wp","href":"https:\/\/api.w.org\/{rel}","templated":true}]}}