{"id":344,"date":"2021-02-01T21:05:40","date_gmt":"2021-02-01T21:05:40","guid":{"rendered":"https:\/\/aldomki.com\/?page_id=344"},"modified":"2021-03-08T17:21:35","modified_gmt":"2021-03-08T17:21:35","slug":"domek-4","status":"publish","type":"page","link":"https:\/\/aldomki.com\/?page_id=344","title":{"rendered":"Domek 4"},"content":{"rendered":"\t\t<div data-elementor-type=\"wp-page\" data-elementor-id=\"344\" class=\"elementor elementor-344\" data-elementor-settings=\"[]\">\n\t\t\t\t\t\t<div class=\"elementor-inner\">\n\t\t\t\t\t\t\t<div class=\"elementor-section-wrap\">\n\t\t\t\t\t\t\t<section class=\"elementor-section elementor-top-section elementor-element elementor-element-1ee9347 elementor-section-boxed elementor-section-height-default elementor-section-height-default\" data-id=\"1ee9347\" data-element_type=\"section\">\n\t\t\t\t\t\t<div class=\"elementor-container elementor-column-gap-default\">\n\t\t\t\t\t\t\t<div class=\"elementor-row\">\n\t\t\t\t\t<div class=\"elementor-column elementor-col-100 elementor-top-column elementor-element elementor-element-8a10792\" data-id=\"8a10792\" data-element_type=\"column\">\n\t\t\t<div class=\"elementor-column-wrap elementor-element-populated\">\n\t\t\t\t\t\t\t<div class=\"elementor-widget-wrap\">\n\t\t\t\t\t\t<div class=\"elementor-element elementor-element-b439fcc elementor-widget elementor-widget-image\" data-id=\"b439fcc\" data-element_type=\"widget\" data-widget_type=\"image.default\">\n\t\t\t\t<div class=\"elementor-widget-container\">\n\t\t\t\t\t<div class=\"elementor-image\">\n\t\t\t\t\t\t\t\t\t\t<img width=\"1920\" height=\"895\" src=\"https:\/\/aldomki.com\/wp-content\/uploads\/2021\/03\/aldomki-plan.png\" class=\"attachment-full size-full\" alt=\"\" loading=\"lazy\" srcset=\"https:\/\/aldomki.com\/wp-content\/uploads\/2021\/03\/aldomki-plan.png 1920w, https:\/\/aldomki.com\/wp-content\/uploads\/2021\/03\/aldomki-plan-300x140.png 300w, https:\/\/aldomki.com\/wp-content\/uploads\/2021\/03\/aldomki-plan-1024x477.png 1024w, https:\/\/aldomki.com\/wp-content\/uploads\/2021\/03\/aldomki-plan-768x358.png 768w, https:\/\/aldomki.com\/wp-content\/uploads\/2021\/03\/aldomki-plan-1536x716.png 1536w\" sizes=\"(max-width: 1920px) 100vw, 1920px\" \/>\t\t\t\t\t\t\t\t\t\t\t<\/div>\n\t\t\t\t<\/div>\n\t\t\t\t<\/div>\n\t\t\t\t<div class=\"elementor-element elementor-element-6d5ad74 elementor-widget elementor-widget-spacer\" data-id=\"6d5ad74\" data-element_type=\"widget\" data-widget_type=\"spacer.default\">\n\t\t\t\t<div class=\"elementor-widget-container\">\n\t\t\t\t\t<div class=\"elementor-spacer\">\n\t\t\t<div class=\"elementor-spacer-inner\"><\/div>\n\t\t<\/div>\n\t\t\t\t<\/div>\n\t\t\t\t<\/div>\n\t\t\t\t<section class=\"elementor-section elementor-inner-section elementor-element elementor-element-6844b1f elementor-section-boxed elementor-section-height-default elementor-section-height-default\" data-id=\"6844b1f\" data-element_type=\"section\">\n\t\t\t\t\t\t<div class=\"elementor-container elementor-column-gap-default\">\n\t\t\t\t\t\t\t<div class=\"elementor-row\">\n\t\t\t\t\t<div class=\"elementor-column elementor-col-50 elementor-inner-column elementor-element elementor-element-42e47f4\" data-id=\"42e47f4\" data-element_type=\"column\">\n\t\t\t<div class=\"elementor-column-wrap elementor-element-populated\">\n\t\t\t\t\t\t\t<div class=\"elementor-widget-wrap\">\n\t\t\t\t\t\t<div class=\"elementor-element elementor-element-24ce939 elementor-widget elementor-widget-spacer\" data-id=\"24ce939\" data-element_type=\"widget\" data-widget_type=\"spacer.default\">\n\t\t\t\t<div class=\"elementor-widget-container\">\n\t\t\t\t\t<div class=\"elementor-spacer\">\n\t\t\t<div class=\"elementor-spacer-inner\"><\/div>\n\t\t<\/div>\n\t\t\t\t<\/div>\n\t\t\t\t<\/div>\n\t\t\t\t<div class=\"elementor-element elementor-element-7f064c2 elementor-widget elementor-widget-heading\" data-id=\"7f064c2\" data-element_type=\"widget\" data-widget_type=\"heading.default\">\n\t\t\t\t<div class=\"elementor-widget-container\">\n\t\t\t<h1 class=\"elementor-heading-title elementor-size-xxl\">Domek 4<\/h1>\t\t<\/div>\n\t\t\t\t<\/div>\n\t\t\t\t<div class=\"elementor-element elementor-element-68d331a elementor-widget elementor-widget-text-editor\" data-id=\"68d331a\" data-element_type=\"widget\" data-widget_type=\"text-editor.default\">\n\t\t\t\t<div class=\"elementor-widget-container\">\n\t\t\t\t\t<div class=\"elementor-text-editor elementor-clearfix\"><p>Domek posiada pok\u00f3j dzienny (TV naziemna ) wraz z w pe\u0142ni wyposa\u017conym aneksem kuchennym, oraz \u0142\u00f3\u017ckiem dwuosobowym rozk\u0142adanym.<br \/>Dwie sypialnie : Obie z \u0142\u00f3\u017ckami dwuosobowymi, oraz \u0142azienk\u0119 z prysznicem. <br \/>Wielko\u015b\u0107 domku to 50m2 plus pomieszczenie gospodarcze na grill, le\u017caki, rowery itp.<br \/>Domek posiada du\u017cy (ponad 20m2), zadaszony taras, wyposa\u017cony w meble ogrodowe oraz grill. Przy domku znajduje si\u0119 piaskownica oraz hu\u015btawka ogrodowa.<\/p><\/div>\n\t\t\t\t<\/div>\n\t\t\t\t<\/div>\n\t\t\t\t\t\t<\/div>\n\t\t\t\t\t<\/div>\n\t\t<\/div>\n\t\t\t\t<div class=\"elementor-column elementor-col-50 elementor-inner-column elementor-element elementor-element-14071a7\" data-id=\"14071a7\" data-element_type=\"column\">\n\t\t\t<div class=\"elementor-column-wrap elementor-element-populated\">\n\t\t\t\t\t\t\t<div class=\"elementor-widget-wrap\">\n\t\t\t\t\t\t<div class=\"elementor-element elementor-element-50f2b80 elementor-widget elementor-widget-image\" data-id=\"50f2b80\" data-element_type=\"widget\" data-widget_type=\"image.default\">\n\t\t\t\t<div class=\"elementor-widget-container\">\n\t\t\t\t\t<div class=\"elementor-image\">\n\t\t\t\t\t\t\t\t\t\t<img width=\"828\" height=\"1024\" src=\"https:\/\/aldomki.com\/wp-content\/uploads\/2021\/02\/rozklad-828x1024.png\" class=\"attachment-large size-large\" alt=\"\" loading=\"lazy\" srcset=\"https:\/\/aldomki.com\/wp-content\/uploads\/2021\/02\/rozklad-828x1024.png 828w, https:\/\/aldomki.com\/wp-content\/uploads\/2021\/02\/rozklad-243x300.png 243w, https:\/\/aldomki.com\/wp-content\/uploads\/2021\/02\/rozklad-768x950.png 768w, https:\/\/aldomki.com\/wp-content\/uploads\/2021\/02\/rozklad.png 1200w\" sizes=\"(max-width: 828px) 100vw, 828px\" \/>\t\t\t\t\t\t\t\t\t\t\t<\/div>\n\t\t\t\t<\/div>\n\t\t\t\t<\/div>\n\t\t\t\t\t\t<\/div>\n\t\t\t\t\t<\/div>\n\t\t<\/div>\n\t\t\t\t\t\t\t\t<\/div>\n\t\t\t\t\t<\/div>\n\t\t<\/section>\n\t\t\t\t\t\t<\/div>\n\t\t\t\t\t<\/div>\n\t\t<\/div>\n\t\t\t\t\t\t\t\t<\/div>\n\t\t\t\t\t<\/div>\n\t\t<\/section>\n\t\t\t\t<section class=\"elementor-section elementor-top-section elementor-element elementor-element-5618113 elementor-section-boxed elementor-section-height-default elementor-section-height-default\" data-id=\"5618113\" data-element_type=\"section\">\n\t\t\t\t\t\t<div class=\"elementor-container elementor-column-gap-default\">\n\t\t\t\t\t\t\t<div class=\"elementor-row\">\n\t\t\t\t\t<div class=\"elementor-column elementor-col-100 elementor-top-column elementor-element elementor-element-9ed627b\" data-id=\"9ed627b\" data-element_type=\"column\">\n\t\t\t<div class=\"elementor-column-wrap elementor-element-populated\">\n\t\t\t\t\t\t\t<div class=\"elementor-widget-wrap\">\n\t\t\t\t\t\t<div class=\"elementor-element elementor-element-4f0ef10 elementor-widget elementor-widget-spacer\" data-id=\"4f0ef10\" data-element_type=\"widget\" data-widget_type=\"spacer.default\">\n\t\t\t\t<div class=\"elementor-widget-container\">\n\t\t\t\t\t<div class=\"elementor-spacer\">\n\t\t\t<div class=\"elementor-spacer-inner\"><\/div>\n\t\t<\/div>\n\t\t\t\t<\/div>\n\t\t\t\t<\/div>\n\t\t\t\t\t\t<\/div>\n\t\t\t\t\t<\/div>\n\t\t<\/div>\n\t\t\t\t\t\t\t\t<\/div>\n\t\t\t\t\t<\/div>\n\t\t<\/section>\n\t\t\t\t<section class=\"elementor-section elementor-top-section elementor-element elementor-element-77ab0d4 elementor-section-full_width elementor-section-height-default elementor-section-height-default\" data-id=\"77ab0d4\" data-element_type=\"section\">\n\t\t\t\t\t\t<div class=\"elementor-container elementor-column-gap-default\">\n\t\t\t\t\t\t\t<div class=\"elementor-row\">\n\t\t\t\t\t<div class=\"elementor-column elementor-col-100 elementor-top-column elementor-element elementor-element-010bd27\" data-id=\"010bd27\" data-element_type=\"column\">\n\t\t\t<div class=\"elementor-column-wrap elementor-element-populated\">\n\t\t\t\t\t\t\t<div class=\"elementor-widget-wrap\">\n\t\t\t\t\t\t<div class=\"elementor-element elementor-element-2bd844b gallery-spacing-custom elementor-widget__width-inherit elementor-widget elementor-widget-image-gallery\" data-id=\"2bd844b\" data-element_type=\"widget\" data-widget_type=\"image-gallery.default\">\n\t\t\t\t<div class=\"elementor-widget-container\">\n\t\t\t\t\t<div class=\"elementor-image-gallery\">\n\t\t\t<div id='gallery-1' class='gallery galleryid-344 gallery-columns-2 gallery-size-large'><figure class='gallery-item'>\n\t\t\t<div class='gallery-icon landscape'>\n\t\t\t\t<a data-elementor-open-lightbox=\"yes\" data-elementor-lightbox-slideshow=\"2bd844b\" data-elementor-lightbox-title=\"IMG_2236\" href='https:\/\/aldomki.com\/wp-content\/uploads\/2021\/02\/IMG_2236-scaled.jpeg'><img width=\"1024\" height=\"768\" src=\"https:\/\/aldomki.com\/wp-content\/uploads\/2021\/02\/IMG_2236-1024x768.jpeg\" class=\"attachment-large size-large\" alt=\"\" loading=\"lazy\" srcset=\"https:\/\/aldomki.com\/wp-content\/uploads\/2021\/02\/IMG_2236-1024x768.jpeg 1024w, https:\/\/aldomki.com\/wp-content\/uploads\/2021\/02\/IMG_2236-300x225.jpeg 300w, https:\/\/aldomki.com\/wp-content\/uploads\/2021\/02\/IMG_2236-768x576.jpeg 768w, https:\/\/aldomki.com\/wp-content\/uploads\/2021\/02\/IMG_2236-1536x1152.jpeg 1536w, https:\/\/aldomki.com\/wp-content\/uploads\/2021\/02\/IMG_2236-2048x1536.jpeg 2048w\" sizes=\"(max-width: 1024px) 100vw, 1024px\" \/><\/a>\n\t\t\t<\/div><\/figure><figure class='gallery-item'>\n\t\t\t<div class='gallery-icon landscape'>\n\t\t\t\t<a data-elementor-open-lightbox=\"yes\" data-elementor-lightbox-slideshow=\"2bd844b\" data-elementor-lightbox-title=\"IMG_2238\" href='https:\/\/aldomki.com\/wp-content\/uploads\/2021\/02\/IMG_2238-scaled.jpeg'><img width=\"1024\" height=\"768\" src=\"https:\/\/aldomki.com\/wp-content\/uploads\/2021\/02\/IMG_2238-1024x768.jpeg\" class=\"attachment-large size-large\" alt=\"\" loading=\"lazy\" srcset=\"https:\/\/aldomki.com\/wp-content\/uploads\/2021\/02\/IMG_2238-1024x768.jpeg 1024w, https:\/\/aldomki.com\/wp-content\/uploads\/2021\/02\/IMG_2238-300x225.jpeg 300w, https:\/\/aldomki.com\/wp-content\/uploads\/2021\/02\/IMG_2238-768x576.jpeg 768w, https:\/\/aldomki.com\/wp-content\/uploads\/2021\/02\/IMG_2238-1536x1152.jpeg 1536w, https:\/\/aldomki.com\/wp-content\/uploads\/2021\/02\/IMG_2238-2048x1536.jpeg 2048w\" sizes=\"(max-width: 1024px) 100vw, 1024px\" \/><\/a>\n\t\t\t<\/div><\/figure><figure class='gallery-item'>\n\t\t\t<div class='gallery-icon landscape'>\n\t\t\t\t<a data-elementor-open-lightbox=\"yes\" data-elementor-lightbox-slideshow=\"2bd844b\" data-elementor-lightbox-title=\"IMG_2237\" href='https:\/\/aldomki.com\/wp-content\/uploads\/2021\/02\/IMG_2237-1-scaled.jpeg'><img width=\"1024\" height=\"768\" src=\"https:\/\/aldomki.com\/wp-content\/uploads\/2021\/02\/IMG_2237-1-1024x768.jpeg\" class=\"attachment-large size-large\" alt=\"\" loading=\"lazy\" srcset=\"https:\/\/aldomki.com\/wp-content\/uploads\/2021\/02\/IMG_2237-1-1024x768.jpeg 1024w, https:\/\/aldomki.com\/wp-content\/uploads\/2021\/02\/IMG_2237-1-300x225.jpeg 300w, https:\/\/aldomki.com\/wp-content\/uploads\/2021\/02\/IMG_2237-1-768x576.jpeg 768w, https:\/\/aldomki.com\/wp-content\/uploads\/2021\/02\/IMG_2237-1-1536x1152.jpeg 1536w, https:\/\/aldomki.com\/wp-content\/uploads\/2021\/02\/IMG_2237-1-2048x1536.jpeg 2048w\" sizes=\"(max-width: 1024px) 100vw, 1024px\" \/><\/a>\n\t\t\t<\/div><\/figure><figure class='gallery-item'>\n\t\t\t<div class='gallery-icon landscape'>\n\t\t\t\t<a data-elementor-open-lightbox=\"yes\" data-elementor-lightbox-slideshow=\"2bd844b\" data-elementor-lightbox-title=\"IMG_2239\" href='https:\/\/aldomki.com\/wp-content\/uploads\/2021\/02\/IMG_2239-scaled.jpeg'><img width=\"1024\" height=\"768\" src=\"https:\/\/aldomki.com\/wp-content\/uploads\/2021\/02\/IMG_2239-1024x768.jpeg\" class=\"attachment-large size-large\" alt=\"\" loading=\"lazy\" srcset=\"https:\/\/aldomki.com\/wp-content\/uploads\/2021\/02\/IMG_2239-1024x768.jpeg 1024w, https:\/\/aldomki.com\/wp-content\/uploads\/2021\/02\/IMG_2239-300x225.jpeg 300w, https:\/\/aldomki.com\/wp-content\/uploads\/2021\/02\/IMG_2239-768x576.jpeg 768w, https:\/\/aldomki.com\/wp-content\/uploads\/2021\/02\/IMG_2239-1536x1152.jpeg 1536w, https:\/\/aldomki.com\/wp-content\/uploads\/2021\/02\/IMG_2239-2048x1536.jpeg 2048w\" sizes=\"(max-width: 1024px) 100vw, 1024px\" \/><\/a>\n\t\t\t<\/div><\/figure><figure class='gallery-item'>\n\t\t\t<div class='gallery-icon landscape'>\n\t\t\t\t<a data-elementor-open-lightbox=\"yes\" data-elementor-lightbox-slideshow=\"2bd844b\" data-elementor-lightbox-title=\"IMG_2213\" href='https:\/\/aldomki.com\/wp-content\/uploads\/2021\/02\/IMG_2213-scaled.jpeg'><img width=\"1024\" height=\"768\" src=\"https:\/\/aldomki.com\/wp-content\/uploads\/2021\/02\/IMG_2213-1024x768.jpeg\" class=\"attachment-large size-large\" alt=\"\" loading=\"lazy\" srcset=\"https:\/\/aldomki.com\/wp-content\/uploads\/2021\/02\/IMG_2213-1024x768.jpeg 1024w, https:\/\/aldomki.com\/wp-content\/uploads\/2021\/02\/IMG_2213-300x225.jpeg 300w, https:\/\/aldomki.com\/wp-content\/uploads\/2021\/02\/IMG_2213-768x576.jpeg 768w, https:\/\/aldomki.com\/wp-content\/uploads\/2021\/02\/IMG_2213-1536x1152.jpeg 1536w, https:\/\/aldomki.com\/wp-content\/uploads\/2021\/02\/IMG_2213-2048x1536.jpeg 2048w\" sizes=\"(max-width: 1024px) 100vw, 1024px\" \/><\/a>\n\t\t\t<\/div><\/figure><figure class='gallery-item'>\n\t\t\t<div class='gallery-icon landscape'>\n\t\t\t\t<a data-elementor-open-lightbox=\"yes\" data-elementor-lightbox-slideshow=\"2bd844b\" data-elementor-lightbox-title=\"IMG_2216\" href='https:\/\/aldomki.com\/wp-content\/uploads\/2021\/02\/IMG_2216-scaled.jpeg'><img width=\"1024\" height=\"768\" src=\"https:\/\/aldomki.com\/wp-content\/uploads\/2021\/02\/IMG_2216-1024x768.jpeg\" class=\"attachment-large size-large\" alt=\"\" loading=\"lazy\" srcset=\"https:\/\/aldomki.com\/wp-content\/uploads\/2021\/02\/IMG_2216-1024x768.jpeg 1024w, https:\/\/aldomki.com\/wp-content\/uploads\/2021\/02\/IMG_2216-300x225.jpeg 300w, https:\/\/aldomki.com\/wp-content\/uploads\/2021\/02\/IMG_2216-768x576.jpeg 768w, https:\/\/aldomki.com\/wp-content\/uploads\/2021\/02\/IMG_2216-1536x1152.jpeg 1536w, https:\/\/aldomki.com\/wp-content\/uploads\/2021\/02\/IMG_2216-2048x1536.jpeg 2048w\" sizes=\"(max-width: 1024px) 100vw, 1024px\" \/><\/a>\n\t\t\t<\/div><\/figure><figure class='gallery-item'>\n\t\t\t<div class='gallery-icon landscape'>\n\t\t\t\t<a data-elementor-open-lightbox=\"yes\" data-elementor-lightbox-slideshow=\"2bd844b\" data-elementor-lightbox-title=\"IMG_2240\" href='https:\/\/aldomki.com\/wp-content\/uploads\/2021\/02\/IMG_2240-scaled.jpeg'><img width=\"1024\" height=\"768\" src=\"https:\/\/aldomki.com\/wp-content\/uploads\/2021\/02\/IMG_2240-1024x768.jpeg\" class=\"attachment-large size-large\" alt=\"\" loading=\"lazy\" srcset=\"https:\/\/aldomki.com\/wp-content\/uploads\/2021\/02\/IMG_2240-1024x768.jpeg 1024w, https:\/\/aldomki.com\/wp-content\/uploads\/2021\/02\/IMG_2240-300x225.jpeg 300w, https:\/\/aldomki.com\/wp-content\/uploads\/2021\/02\/IMG_2240-768x576.jpeg 768w, https:\/\/aldomki.com\/wp-content\/uploads\/2021\/02\/IMG_2240-1536x1152.jpeg 1536w, https:\/\/aldomki.com\/wp-content\/uploads\/2021\/02\/IMG_2240-2048x1536.jpeg 2048w\" sizes=\"(max-width: 1024px) 100vw, 1024px\" \/><\/a>\n\t\t\t<\/div><\/figure><figure class='gallery-item'>\n\t\t\t<div class='gallery-icon landscape'>\n\t\t\t\t<a data-elementor-open-lightbox=\"yes\" data-elementor-lightbox-slideshow=\"2bd844b\" data-elementor-lightbox-title=\"IMG_2241\" href='https:\/\/aldomki.com\/wp-content\/uploads\/2021\/02\/IMG_2241-scaled.jpeg'><img width=\"1024\" height=\"768\" src=\"https:\/\/aldomki.com\/wp-content\/uploads\/2021\/02\/IMG_2241-1024x768.jpeg\" class=\"attachment-large size-large\" alt=\"\" loading=\"lazy\" srcset=\"https:\/\/aldomki.com\/wp-content\/uploads\/2021\/02\/IMG_2241-1024x768.jpeg 1024w, https:\/\/aldomki.com\/wp-content\/uploads\/2021\/02\/IMG_2241-300x225.jpeg 300w, https:\/\/aldomki.com\/wp-content\/uploads\/2021\/02\/IMG_2241-768x576.jpeg 768w, https:\/\/aldomki.com\/wp-content\/uploads\/2021\/02\/IMG_2241-1536x1152.jpeg 1536w, https:\/\/aldomki.com\/wp-content\/uploads\/2021\/02\/IMG_2241-2048x1536.jpeg 2048w\" sizes=\"(max-width: 1024px) 100vw, 1024px\" \/><\/a>\n\t\t\t<\/div><\/figure><figure class='gallery-item'>\n\t\t\t<div class='gallery-icon landscape'>\n\t\t\t\t<a data-elementor-open-lightbox=\"yes\" data-elementor-lightbox-slideshow=\"2bd844b\" data-elementor-lightbox-title=\"IMG_2242\" href='https:\/\/aldomki.com\/wp-content\/uploads\/2021\/02\/IMG_2242-scaled.jpeg'><img width=\"1024\" height=\"768\" src=\"https:\/\/aldomki.com\/wp-content\/uploads\/2021\/02\/IMG_2242-1024x768.jpeg\" class=\"attachment-large size-large\" alt=\"\" loading=\"lazy\" srcset=\"https:\/\/aldomki.com\/wp-content\/uploads\/2021\/02\/IMG_2242-1024x768.jpeg 1024w, https:\/\/aldomki.com\/wp-content\/uploads\/2021\/02\/IMG_2242-300x225.jpeg 300w, https:\/\/aldomki.com\/wp-content\/uploads\/2021\/02\/IMG_2242-768x576.jpeg 768w, https:\/\/aldomki.com\/wp-content\/uploads\/2021\/02\/IMG_2242-1536x1152.jpeg 1536w, https:\/\/aldomki.com\/wp-content\/uploads\/2021\/02\/IMG_2242-2048x1536.jpeg 2048w\" sizes=\"(max-width: 1024px) 100vw, 1024px\" \/><\/a>\n\t\t\t<\/div><\/figure><figure class='gallery-item'>\n\t\t\t<div class='gallery-icon landscape'>\n\t\t\t\t<a data-elementor-open-lightbox=\"yes\" data-elementor-lightbox-slideshow=\"2bd844b\" data-elementor-lightbox-title=\"IMG_2243\" href='https:\/\/aldomki.com\/wp-content\/uploads\/2021\/02\/IMG_2243-scaled.jpeg'><img width=\"1024\" height=\"768\" src=\"https:\/\/aldomki.com\/wp-content\/uploads\/2021\/02\/IMG_2243-1024x768.jpeg\" class=\"attachment-large size-large\" alt=\"\" loading=\"lazy\" srcset=\"https:\/\/aldomki.com\/wp-content\/uploads\/2021\/02\/IMG_2243-1024x768.jpeg 1024w, https:\/\/aldomki.com\/wp-content\/uploads\/2021\/02\/IMG_2243-300x225.jpeg 300w, https:\/\/aldomki.com\/wp-content\/uploads\/2021\/02\/IMG_2243-768x576.jpeg 768w, https:\/\/aldomki.com\/wp-content\/uploads\/2021\/02\/IMG_2243-1536x1152.jpeg 1536w, https:\/\/aldomki.com\/wp-content\/uploads\/2021\/02\/IMG_2243-2048x1536.jpeg 2048w\" sizes=\"(max-width: 1024px) 100vw, 1024px\" \/><\/a>\n\t\t\t<\/div><\/figure><figure class='gallery-item'>\n\t\t\t<div class='gallery-icon portrait'>\n\t\t\t\t<a data-elementor-open-lightbox=\"yes\" data-elementor-lightbox-slideshow=\"2bd844b\" data-elementor-lightbox-title=\"IMG_2245\" href='https:\/\/aldomki.com\/wp-content\/uploads\/2021\/02\/IMG_2245-scaled.jpeg'><img width=\"768\" height=\"1024\" src=\"https:\/\/aldomki.com\/wp-content\/uploads\/2021\/02\/IMG_2245-768x1024.jpeg\" class=\"attachment-large size-large\" alt=\"\" loading=\"lazy\" srcset=\"https:\/\/aldomki.com\/wp-content\/uploads\/2021\/02\/IMG_2245-768x1024.jpeg 768w, https:\/\/aldomki.com\/wp-content\/uploads\/2021\/02\/IMG_2245-225x300.jpeg 225w, https:\/\/aldomki.com\/wp-content\/uploads\/2021\/02\/IMG_2245-1152x1536.jpeg 1152w, https:\/\/aldomki.com\/wp-content\/uploads\/2021\/02\/IMG_2245-1536x2048.jpeg 1536w, https:\/\/aldomki.com\/wp-content\/uploads\/2021\/02\/IMG_2245-scaled.jpeg 1920w\" sizes=\"(max-width: 768px) 100vw, 768px\" \/><\/a>\n\t\t\t<\/div><\/figure><figure class='gallery-item'>\n\t\t\t<div class='gallery-icon portrait'>\n\t\t\t\t<a data-elementor-open-lightbox=\"yes\" data-elementor-lightbox-slideshow=\"2bd844b\" data-elementor-lightbox-title=\"IMG_2248\" href='https:\/\/aldomki.com\/wp-content\/uploads\/2021\/02\/IMG_2248-scaled.jpeg'><img width=\"768\" height=\"1024\" src=\"https:\/\/aldomki.com\/wp-content\/uploads\/2021\/02\/IMG_2248-768x1024.jpeg\" class=\"attachment-large size-large\" alt=\"\" loading=\"lazy\" srcset=\"https:\/\/aldomki.com\/wp-content\/uploads\/2021\/02\/IMG_2248-768x1024.jpeg 768w, https:\/\/aldomki.com\/wp-content\/uploads\/2021\/02\/IMG_2248-225x300.jpeg 225w, https:\/\/aldomki.com\/wp-content\/uploads\/2021\/02\/IMG_2248-1152x1536.jpeg 1152w, https:\/\/aldomki.com\/wp-content\/uploads\/2021\/02\/IMG_2248-1536x2048.jpeg 1536w, https:\/\/aldomki.com\/wp-content\/uploads\/2021\/02\/IMG_2248-scaled.jpeg 1920w\" sizes=\"(max-width: 768px) 100vw, 768px\" \/><\/a>\n\t\t\t<\/div><\/figure><figure class='gallery-item'>\n\t\t\t<div class='gallery-icon portrait'>\n\t\t\t\t<a data-elementor-open-lightbox=\"yes\" data-elementor-lightbox-slideshow=\"2bd844b\" data-elementor-lightbox-title=\"IMG_2249\" href='https:\/\/aldomki.com\/wp-content\/uploads\/2021\/02\/IMG_2249-scaled.jpeg'><img width=\"768\" height=\"1024\" src=\"https:\/\/aldomki.com\/wp-content\/uploads\/2021\/02\/IMG_2249-768x1024.jpeg\" class=\"attachment-large size-large\" alt=\"\" loading=\"lazy\" srcset=\"https:\/\/aldomki.com\/wp-content\/uploads\/2021\/02\/IMG_2249-768x1024.jpeg 768w, https:\/\/aldomki.com\/wp-content\/uploads\/2021\/02\/IMG_2249-225x300.jpeg 225w, https:\/\/aldomki.com\/wp-content\/uploads\/2021\/02\/IMG_2249-1152x1536.jpeg 1152w, https:\/\/aldomki.com\/wp-content\/uploads\/2021\/02\/IMG_2249-1536x2048.jpeg 1536w, https:\/\/aldomki.com\/wp-content\/uploads\/2021\/02\/IMG_2249-scaled.jpeg 1920w\" sizes=\"(max-width: 768px) 100vw, 768px\" \/><\/a>\n\t\t\t<\/div><\/figure><figure class='gallery-item'>\n\t\t\t<div class='gallery-icon portrait'>\n\t\t\t\t<a data-elementor-open-lightbox=\"yes\" data-elementor-lightbox-slideshow=\"2bd844b\" data-elementor-lightbox-title=\"IMG_2250\" href='https:\/\/aldomki.com\/wp-content\/uploads\/2021\/02\/IMG_2250-scaled.jpeg'><img width=\"768\" height=\"1024\" src=\"https:\/\/aldomki.com\/wp-content\/uploads\/2021\/02\/IMG_2250-768x1024.jpeg\" class=\"attachment-large size-large\" alt=\"\" loading=\"lazy\" srcset=\"https:\/\/aldomki.com\/wp-content\/uploads\/2021\/02\/IMG_2250-768x1024.jpeg 768w, https:\/\/aldomki.com\/wp-content\/uploads\/2021\/02\/IMG_2250-225x300.jpeg 225w, https:\/\/aldomki.com\/wp-content\/uploads\/2021\/02\/IMG_2250-1152x1536.jpeg 1152w, https:\/\/aldomki.com\/wp-content\/uploads\/2021\/02\/IMG_2250-1536x2048.jpeg 1536w, https:\/\/aldomki.com\/wp-content\/uploads\/2021\/02\/IMG_2250-scaled.jpeg 1920w\" sizes=\"(max-width: 768px) 100vw, 768px\" \/><\/a>\n\t\t\t<\/div><\/figure><figure class='gallery-item'>\n\t\t\t<div class='gallery-icon portrait'>\n\t\t\t\t<a data-elementor-open-lightbox=\"yes\" data-elementor-lightbox-slideshow=\"2bd844b\" data-elementor-lightbox-title=\"IMG_2251\" href='https:\/\/aldomki.com\/wp-content\/uploads\/2021\/02\/IMG_2251-scaled.jpeg'><img width=\"768\" height=\"1024\" src=\"https:\/\/aldomki.com\/wp-content\/uploads\/2021\/02\/IMG_2251-768x1024.jpeg\" class=\"attachment-large size-large\" alt=\"\" loading=\"lazy\" srcset=\"https:\/\/aldomki.com\/wp-content\/uploads\/2021\/02\/IMG_2251-768x1024.jpeg 768w, https:\/\/aldomki.com\/wp-content\/uploads\/2021\/02\/IMG_2251-225x300.jpeg 225w, https:\/\/aldomki.com\/wp-content\/uploads\/2021\/02\/IMG_2251-1152x1536.jpeg 1152w, https:\/\/aldomki.com\/wp-content\/uploads\/2021\/02\/IMG_2251-1536x2048.jpeg 1536w, https:\/\/aldomki.com\/wp-content\/uploads\/2021\/02\/IMG_2251-scaled.jpeg 1920w\" sizes=\"(max-width: 768px) 100vw, 768px\" \/><\/a>\n\t\t\t<\/div><\/figure><figure class='gallery-item'>\n\t\t\t<div class='gallery-icon portrait'>\n\t\t\t\t<a data-elementor-open-lightbox=\"yes\" data-elementor-lightbox-slideshow=\"2bd844b\" data-elementor-lightbox-title=\"IMG_2252\" href='https:\/\/aldomki.com\/wp-content\/uploads\/2021\/02\/IMG_2252-scaled.jpeg'><img width=\"768\" height=\"1024\" src=\"https:\/\/aldomki.com\/wp-content\/uploads\/2021\/02\/IMG_2252-768x1024.jpeg\" class=\"attachment-large size-large\" alt=\"\" loading=\"lazy\" srcset=\"https:\/\/aldomki.com\/wp-content\/uploads\/2021\/02\/IMG_2252-768x1024.jpeg 768w, https:\/\/aldomki.com\/wp-content\/uploads\/2021\/02\/IMG_2252-225x300.jpeg 225w, https:\/\/aldomki.com\/wp-content\/uploads\/2021\/02\/IMG_2252-1152x1536.jpeg 1152w, https:\/\/aldomki.com\/wp-content\/uploads\/2021\/02\/IMG_2252-1536x2048.jpeg 1536w, https:\/\/aldomki.com\/wp-content\/uploads\/2021\/02\/IMG_2252-scaled.jpeg 1920w\" sizes=\"(max-width: 768px) 100vw, 768px\" \/><\/a>\n\t\t\t<\/div><\/figure><figure class='gallery-item'>\n\t\t\t<div class='gallery-icon landscape'>\n\t\t\t\t<a data-elementor-open-lightbox=\"yes\" data-elementor-lightbox-slideshow=\"2bd844b\" data-elementor-lightbox-title=\"kwiecien_2015 405\" href='https:\/\/aldomki.com\/wp-content\/uploads\/2021\/02\/kwiecien_2015-405-scaled.jpg'><img width=\"1024\" height=\"681\" src=\"https:\/\/aldomki.com\/wp-content\/uploads\/2021\/02\/kwiecien_2015-405-1024x681.jpg\" class=\"attachment-large size-large\" alt=\"\" loading=\"lazy\" srcset=\"https:\/\/aldomki.com\/wp-content\/uploads\/2021\/02\/kwiecien_2015-405-1024x681.jpg 1024w, https:\/\/aldomki.com\/wp-content\/uploads\/2021\/02\/kwiecien_2015-405-300x199.jpg 300w, https:\/\/aldomki.com\/wp-content\/uploads\/2021\/02\/kwiecien_2015-405-768x511.jpg 768w, https:\/\/aldomki.com\/wp-content\/uploads\/2021\/02\/kwiecien_2015-405-1536x1021.jpg 1536w, https:\/\/aldomki.com\/wp-content\/uploads\/2021\/02\/kwiecien_2015-405-2048x1362.jpg 2048w\" sizes=\"(max-width: 1024px) 100vw, 1024px\" \/><\/a>\n\t\t\t<\/div><\/figure>\n\t\t<\/div>\n\t\t<\/div>\n\t\t\t\t<\/div>\n\t\t\t\t<\/div>\n\t\t\t\t\t\t<\/div>\n\t\t\t\t\t<\/div>\n\t\t<\/div>\n\t\t\t\t\t\t\t\t<\/div>\n\t\t\t\t\t<\/div>\n\t\t<\/section>\n\t\t\t\t\t\t<\/div>\n\t\t\t\t\t\t<\/div>\n\t\t\t\t\t<\/div>\n\t\t","protected":false},"excerpt":{"rendered":"<p>Domek 4 Domek posiada pok\u00f3j dzienny (TV naziemna ) wraz z w pe\u0142ni wyposa\u017conym aneksem kuchennym, oraz \u0142\u00f3\u017ckiem dwuosobowym rozk\u0142adanym.Dwie sypialnie : Obie z \u0142\u00f3\u017ckami dwuosobowymi, oraz \u0142azienk\u0119 z prysznicem. Wielko\u015b\u0107 domku to 50m2 plus pomieszczenie gospodarcze na grill, le\u017caki, rowery itp.Domek posiada du\u017cy (ponad 20m2), zadaszony taras, wyposa\u017cony w meble ogrodowe oraz grill. Przy &hellip;<\/p>\n<p class=\"read-more\"> <a class=\"\" href=\"https:\/\/aldomki.com\/?page_id=344\"> <span class=\"screen-reader-text\">Domek 4<\/span> Read More &raquo;<\/a><\/p>\n","protected":false},"author":1,"featured_media":0,"parent":0,"menu_order":0,"comment_status":"closed","ping_status":"closed","template":"","meta":[],"_links":{"self":[{"href":"https:\/\/aldomki.com\/index.php?rest_route=\/wp\/v2\/pages\/344"}],"collection":[{"href":"https:\/\/aldomki.com\/index.php?rest_route=\/wp\/v2\/pages"}],"about":[{"href":"https:\/\/aldomki.com\/index.php?rest_route=\/wp\/v2\/types\/page"}],"author":[{"embeddable":true,"href":"https:\/\/aldomki.com\/index.php?rest_route=\/wp\/v2\/users\/1"}],"replies":[{"embeddable":true,"href":"https:\/\/aldomki.com\/index.php?rest_route=%2Fwp%2Fv2%2Fcomments&post=344"}],"version-history":[{"count":37,"href":"https:\/\/aldomki.com\/index.php?rest_route=\/wp\/v2\/pages\/344\/revisions"}],"predecessor-version":[{"id":1016,"href":"https:\/\/aldomki.com\/index.php?rest_route=\/wp\/v2\/pages\/344\/revisions\/1016"}],"wp:attachment":[{"href":"https:\/\/aldomki.com\/index.php?rest_route=%2Fwp%2Fv2%2Fmedia&parent=344"}],"curies":[{"name":"wp","href":"https:\/\/api.w.org\/{rel}","templated":true}]}}